{"id":161,"date":"2024-05-03T09:56:02","date_gmt":"2024-05-03T07:56:02","guid":{"rendered":"http:\/\/archiviodistatoterni.cultura.gov.it\/?page_id=161"},"modified":"2024-10-31T10:56:09","modified_gmt":"2024-10-31T09:56:09","slug":"la-sede-palazzo-mazzancolli","status":"publish","type":"page","link":"https:\/\/archiviodistatoterni.cultura.gov.it\/?page_id=161","title":{"rendered":"La sede: Palazzo Mazzancolli"},"content":{"rendered":"<p><img loading=\"lazy\" decoding=\"async\" class=\"wp-image-395 aligncenter\" src=\"https:\/\/archiviodistatoterni.cultura.gov.it\/wp-content\/uploads\/2024\/07\/Facciata.Ingresso-e1719929920299-1024x726.jpg\" alt=\"\" width=\"698\" height=\"495\" srcset=\"https:\/\/archiviodistatoterni.cultura.gov.it\/wp-content\/uploads\/2024\/07\/Facciata.Ingresso-e1719929920299-1024x726.jpg 1024w, https:\/\/archiviodistatoterni.cultura.gov.it\/wp-content\/uploads\/2024\/07\/Facciata.Ingresso-e1719929920299-300x213.jpg 300w, https:\/\/archiviodistatoterni.cultura.gov.it\/wp-content\/uploads\/2024\/07\/Facciata.Ingresso-e1719929920299-768x545.jpg 768w, https:\/\/archiviodistatoterni.cultura.gov.it\/wp-content\/uploads\/2024\/07\/Facciata.Ingresso-e1719929920299-1536x1089.jpg 1536w, https:\/\/archiviodistatoterni.cultura.gov.it\/wp-content\/uploads\/2024\/07\/Facciata.Ingresso-e1719929920299-2048x1452.jpg 2048w\" sizes=\"auto, (max-width: 698px) 100vw, 698px\" \/><\/p>\n<p>L&#8217;importanza artistica e storica di <em><strong>Palazzo Mazzancolli<\/strong> <\/em>nel corso dei secoli merita un breve cenno.<\/p>\n<p>Situato, infatti, al centro della citt\u00e0, nel punto dove via Cavour, antico cardo della citt\u00e0 romana, si allarga in una piazzetta triangolare, di fronte alla chiesa di Santa Croce, il suo corpo centrale, costruito nel XV secolo, sui resti di epoca romana, collega due torrioni mozzati medievali dei quali sono visibili le tracce. L&#8217;edificio appartenne all&#8217;illustre famiglia ternana dei Mazzancolli di cui fecero parte Ludovico, vescovo della citt\u00e0 nella prima met\u00e0 del Quattrocento, e Giovanni uditore della Camera Apostolica. Ereditato dalla famiglia Leoni all&#8217;inizio del XVIII secolo fu venduto alla Congregazione di Carit\u00e0 nel 1873 e destinato a sede del Monte di Piet\u00e0. In questa prospettiva fu commissionato un progetto di ristrutturazione all&#8217;arch. Benedetto Faustini, gi\u00e0 autore di opere rilevanti nella citt\u00e0 come la sede della Cassa di risparmio. Il restauro, ispirato al gusto ottocentesco di recupero dello stile medioevale, comport\u00f2 l&#8217;apertura di porte, di finestre, e la costruzione di una tettoia per coprire lo scalone esterno che collega il piano terreno con il primo piano.<\/p>\n<p>Nel 1926 il Monte di Piet\u00e0 lasci\u00f2 il palazzo che divenne la &#8220;casa del fascio&#8221;, subendo una nuova ristrutturazione ad opera dell&#8217;arch. Gaetano Coppoli. Le pratiche di acquisto dell&#8217;edificio da parte del Partito nazionale fascista si concluse nel 1933 e nel corso degli anni successivi furono estese anche alle casupole attigue che davano si vico del Pozzo. Queste furono abbattute e fu ricostruito uno stabile che si raccordava col palazzo monumentale. Dopo la guerra la propriet\u00e0 pass\u00f2 al Demanio che, nel 1956, l&#8217;assegn\u00f2 in uso al Ministero dell&#8217;Interno che lo destin\u00f2 a caserma della Polizia. Dal 1965, per alcuni anni il Comune di Terni ne ebbe la disponibilit\u00e0 e dal <em><strong>1970<\/strong><\/em> la zona novecentesca fu affidata all&#8217;Archivio di Stato.<\/p>\n","protected":false},"excerpt":{"rendered":"<p>L&#8217;importanza artistica e storica di Palazzo Mazzancolli nel corso dei secoli merita un breve cenno.<\/p>\n","protected":false},"author":1,"featured_media":0,"parent":141,"menu_order":2,"comment_status":"closed","ping_status":"closed","template":"","meta":{"advgb_blocks_editor_width":"","advgb_blocks_columns_visual_guide":"","footnotes":""},"tags":[],"class_list":["post-161","page","type-page","status-publish","hentry"],"coauthors":[],"author_meta":{"author_link":"https:\/\/archiviodistatoterni.cultura.gov.it\/?author=1","display_name":"archiviodistatoterni"},"relative_dates":{"created":"Pubblicato 2 anni fa","modified":"Aggiornato 1 anno fa"},"absolute_dates":{"created":"Pubblicato il 3 Maggio 2024","modified":"Aggiornato il 31 Ottobre 2024"},"absolute_dates_time":{"created":"Pubblicato il 3 Maggio 2024 9:56","modified":"Aggiornato il 31 Ottobre 2024 10:56"},"featured_img_caption":"","featured_img":false,"series_order":"","_links":{"self":[{"href":"https:\/\/archiviodistatoterni.cultura.gov.it\/index.php?rest_route=\/wp\/v2\/pages\/161","targetHints":{"allow":["GET"]}}],"collection":[{"href":"https:\/\/archiviodistatoterni.cultura.gov.it\/index.php?rest_route=\/wp\/v2\/pages"}],"about":[{"href":"https:\/\/archiviodistatoterni.cultura.gov.it\/index.php?rest_route=\/wp\/v2\/types\/page"}],"author":[{"embeddable":true,"href":"https:\/\/archiviodistatoterni.cultura.gov.it\/index.php?rest_route=\/wp\/v2\/users\/1"}],"replies":[{"embeddable":true,"href":"https:\/\/archiviodistatoterni.cultura.gov.it\/index.php?rest_route=%2Fwp%2Fv2%2Fcomments&post=161"}],"version-history":[{"count":6,"href":"https:\/\/archiviodistatoterni.cultura.gov.it\/index.php?rest_route=\/wp\/v2\/pages\/161\/revisions"}],"predecessor-version":[{"id":637,"href":"https:\/\/archiviodistatoterni.cultura.gov.it\/index.php?rest_route=\/wp\/v2\/pages\/161\/revisions\/637"}],"up":[{"embeddable":true,"href":"https:\/\/archiviodistatoterni.cultura.gov.it\/index.php?rest_route=\/wp\/v2\/pages\/141"}],"wp:attachment":[{"href":"https:\/\/archiviodistatoterni.cultura.gov.it\/index.php?rest_route=%2Fwp%2Fv2%2Fmedia&parent=161"}],"wp:term":[{"taxonomy":"post_tag","embeddable":true,"href":"https:\/\/archiviodistatoterni.cultura.gov.it\/index.php?rest_route=%2Fwp%2Fv2%2Ftags&post=161"}],"curies":[{"name":"wp","href":"https:\/\/api.w.org\/{rel}","templated":true}]}}