{"id":288,"date":"2024-05-06T09:13:16","date_gmt":"2024-05-06T07:13:16","guid":{"rendered":"http:\/\/archiviodistatoterni.cultura.gov.it\/?page_id=288"},"modified":"2024-07-15T10:18:24","modified_gmt":"2024-07-15T08:18:24","slug":"regolamento","status":"publish","type":"page","link":"https:\/\/archiviodistatoterni.cultura.gov.it\/?page_id=288","title":{"rendered":"Regolamento"},"content":{"rendered":"<p>Per accedere alle sale di consultazione \u00e8 <strong>necessaria l&#8217;autorizzazione della Direzione<\/strong>, da richiedere con apposita domanda. Lo studioso deve compilare in modo leggibile la richiesta, indicando le proprie generalit\u00e0 ed il titolo della ricerca. L&#8217;autorizzazione ha validit\u00e0 annuale, \u00e8 strettamente personale ed \u00e8 concessa per ogni argomento di studio. I dati personali contenuti nella domanda di ammissione saranno utilizzati esclusivamente a fini statistici nel rispetto del d.l. 196\/2003.<\/p>\n<p>Lo studioso \u00e8 tenuto ad apporre la propria <strong>firma in modo leggibile sul registro delle presenze giornaliere<\/strong>.<\/p>\n<p>Lo studioso, al fine di avere un panorama completo delle serie documentarie conservate, si pu\u00f2 avvalere della consulenza del funzionario presente in sala e degli strumenti a disposizione, fra cui la Guida Generale degli Archivi di Stato italiani e degli inventari, per conoscere pi\u00f9 in dettaglio il contenuto dei fondi.<\/p>\n<p>Gli inventari e gli strumenti di corredo sono liberamente consultabili da parte degli studiosi, che provvederanno a ricollocarli a posto dopo la consultazione. Gli inventari, gli elenchi e gli indici sono disposti nello scaffale suddivisi in quattro serie contraddistinte con una lettera alfabetica per ciascuna tipologia di archivi: A (statali), B (notarili), C (enti pubblici), D (privati).<\/p>\n<p>E&#8217; consentita la <strong>consultazione di un solo pezzo archivistico per volta sul tavolo<\/strong>.<\/p>\n<p>E&#8217; <strong>vietato alterare il clima di silenzio della sala<\/strong>, necessario a rendere proficua la ricerca. Non \u00e8 consentito l&#8217;uso di telefoni cellulari con suoneria.<\/p>\n<p>Sono <strong>vietate le azioni che possono danneggiare qualsiasi materiale in consultazione<\/strong>, in particolare:<\/p>\n<ul>\n<li>scrivere sui documenti;<\/li>\n<li>scrivere appoggiandosi sui documenti;<\/li>\n<li>posare penne sopra i documenti;<\/li>\n<li>fare lucidi;<\/li>\n<li>alterare l&#8217;ordine originario dei fascicoli e delle carte sciolte.<\/li>\n<\/ul>\n<p>Lo studioso che utilizza materiale documentario dell&#8217;Archivio di Stato ha l&#8217;obbligo di consegnare copia della pubblicazione o tesi di laurea, di cui garantisce l&#8217;osservanza delle condizioni di consultazione stabilite dall&#8217;autore.<\/p>\n<p>Ai sensi degli<strong> artt. 91 e 107 del R.D. 2.10.1911 n.1163<\/strong>, danneggiamenti, dispersioni e furti di documenti sono puniti con l&#8217;esclusione dagli Archivi di Stato, salvo sempre l&#8217;azione per responsabilit\u00e0 civili e penali.<\/p>\n","protected":false},"excerpt":{"rendered":"<p>Per accedere alle sale di consultazione \u00e8 necessaria l&#8217;autorizzazione della Direzione, da richiedere con apposita domanda.<\/p>\n","protected":false},"author":1,"featured_media":0,"parent":178,"menu_order":0,"comment_status":"closed","ping_status":"closed","template":"","meta":{"advgb_blocks_editor_width":"","advgb_blocks_columns_visual_guide":"","footnotes":""},"tags":[],"class_list":["post-288","page","type-page","status-publish","hentry"],"coauthors":[],"author_meta":{"author_link":"https:\/\/archiviodistatoterni.cultura.gov.it\/?author=1","display_name":"archiviodistatoterni"},"relative_dates":{"created":"Pubblicato 2 anni fa","modified":"Aggiornato 2 anni fa"},"absolute_dates":{"created":"Pubblicato il 6 Maggio 2024","modified":"Aggiornato il 15 Luglio 2024"},"absolute_dates_time":{"created":"Pubblicato il 6 Maggio 2024 9:13","modified":"Aggiornato il 15 Luglio 2024 10:18"},"featured_img_caption":"","featured_img":false,"series_order":"","_links":{"self":[{"href":"https:\/\/archiviodistatoterni.cultura.gov.it\/index.php?rest_route=\/wp\/v2\/pages\/288","targetHints":{"allow":["GET"]}}],"collection":[{"href":"https:\/\/archiviodistatoterni.cultura.gov.it\/index.php?rest_route=\/wp\/v2\/pages"}],"about":[{"href":"https:\/\/archiviodistatoterni.cultura.gov.it\/index.php?rest_route=\/wp\/v2\/types\/page"}],"author":[{"embeddable":true,"href":"https:\/\/archiviodistatoterni.cultura.gov.it\/index.php?rest_route=\/wp\/v2\/users\/1"}],"replies":[{"embeddable":true,"href":"https:\/\/archiviodistatoterni.cultura.gov.it\/index.php?rest_route=%2Fwp%2Fv2%2Fcomments&post=288"}],"version-history":[{"count":4,"href":"https:\/\/archiviodistatoterni.cultura.gov.it\/index.php?rest_route=\/wp\/v2\/pages\/288\/revisions"}],"predecessor-version":[{"id":601,"href":"https:\/\/archiviodistatoterni.cultura.gov.it\/index.php?rest_route=\/wp\/v2\/pages\/288\/revisions\/601"}],"up":[{"embeddable":true,"href":"https:\/\/archiviodistatoterni.cultura.gov.it\/index.php?rest_route=\/wp\/v2\/pages\/178"}],"wp:attachment":[{"href":"https:\/\/archiviodistatoterni.cultura.gov.it\/index.php?rest_route=%2Fwp%2Fv2%2Fmedia&parent=288"}],"wp:term":[{"taxonomy":"post_tag","embeddable":true,"href":"https:\/\/archiviodistatoterni.cultura.gov.it\/index.php?rest_route=%2Fwp%2Fv2%2Ftags&post=288"}],"curies":[{"name":"wp","href":"https:\/\/api.w.org\/{rel}","templated":true}]}}