{"id":304,"date":"2024-05-06T09:30:51","date_gmt":"2024-05-06T07:30:51","guid":{"rendered":"http:\/\/archiviodistatoterni.cultura.gov.it\/?page_id=304"},"modified":"2024-10-31T10:27:50","modified_gmt":"2024-10-31T09:27:50","slug":"riproduzioni","status":"publish","type":"page","link":"https:\/\/archiviodistatoterni.cultura.gov.it\/?page_id=304","title":{"rendered":"Riproduzioni"},"content":{"rendered":"<p>Ai sensi della <em><strong>legge 4 agosto 2017, n.124 art. 171<\/strong><\/em>, sono libere le seguenti attivit\u00e0, svolte senza scopo di lucro, per finalit\u00e0 di studio, ricerca, libera manifestazione del pensiero o espressione creativa, promozione della conoscenza del patrimonio culturale:<\/p>\n<ul>\n<li>La riproduzione con mezzi propri di beni archivistici non non sottoposti a restrizioni di consultabilit\u00e0 per motivi di riservatezza o per motivi di conservazione, attuata nel rispetto delle disposizioni che tutelano il diritto d&#8217;autore e con modalit\u00e0 che non comportino alcun contatto fisico con il bene, n\u00e9 l&#8217;esposizione dello stesso a sorgenti luminosi, n\u00e9 l&#8217;uso di stativi e treppiedi, direttamente al proprio tavolo di sala studio per la documentazione in consultazione, previa sottoscrizione con atto notorio di impegno ad accettare le norme in materia di conservazione e tutela, adottate dall&#8217;Archivio di Stato di Terni, nonch\u00e9 quanto previsto dall&#8217;art.108 del d.l. 22\/01\/2014, n.42. L&#8217;utente dovr\u00e0 dichiarare, altres\u00ec, di essere a conoscenza e di accettare il codice deontologico e di buona condotta per i trattamento dei dati personali per scopi storici (D.Lgs 30\/06\/1993, n.196).<\/li>\n<li>La divulgazione con qualsiasi mezzo delle immagini di beni culturali, legittimamente acquisite, in modo da non poter essere ulteriormente riprodotte per fini di lucro.<\/li>\n<\/ul>\n<p>Gli operatori dell&#8217;Archivio di Stato vigileranno affinch\u00e9 non vi siano modalit\u00e0 improprie della riproduzione che possano rischiare di danneggiare i documenti.<\/p>\n<p>Non \u00e8 consentita la libera riproduzione di documenti di particolare rarit\u00e0, antichit\u00e0 e\/o fragilit\u00e0, n\u00e9 di documenti gi\u00e0 riprodotti digitalmente dall&#8217;Istituto ed esclusi dalla consultazione ordinaria per ragioni di conservazione e sicurezza (Mappe del Catasto gregoriano, archivio dei disegni di Cesare Bazzani, Libri parrocchiali del Comune di Terni, lettere di Gabriele d&#8217;Annunzio, collezione di stampe antiche). In questo ultimo caso si provvede al rilascio gratuito all&#8217;utente della riproduzione disponibile.<\/p>\n<p>Ai fini della salvaguardia dei materiali, <strong>non \u00e8 possibile riprodurre per contatto<\/strong>:<\/p>\n<ul>\n<li><strong>materiale anteriore al 1860;<\/strong><\/li>\n<li><strong>pergamene;<\/strong><\/li>\n<li><strong>mappe;<\/strong><\/li>\n<li><strong>volumi, registri, fascicoli rilegati;<\/strong><\/li>\n<li><strong>veline e documenti su supporti fragili e a rischio di ulteriore deterioramento.<\/strong><\/li>\n<\/ul>\n<p>Non \u00e8 altres\u00ec consentita la riproduzione di intere unit\u00e0 archivistiche.<\/p>\n<p>Qualora gli utenti non intendano avvalersi de mezzo proprio, possono prenotare le riproduzioni presso la segreteria della sala studio, previo <strong>pagamento del canone minimo fissato dal Tariffario ministeriale<\/strong> e la compilazione del modulo di richiesta, con l&#8217;indicazione del fondo archivistico, del numero identificativo di ciascuna unit\u00e0 di conservazione e la segnalazione con strisce di carta sulla medesima unit\u00e0, del fascicolo e del singolo documento di cui richiede la riproduzione.<\/p>\n<p>Le richieste e il ritiro possono essere effettuati durante l&#8217;orario di apertura.<\/p>\n<p>&nbsp;<\/p>\n<hr \/>\n<h4>Pubblicazione<\/h4>\n<p>Qualora lo studioso intenda pubblicare le riproduzioni, dovr\u00e0 comunicare all&#8217;Istituto l&#8217;elenco, in carta semplice, dei documenti, indicando la segnatura archivistica, con l&#8217;obbligo di consegnare poi una copia analogica o digitale dell&#8217;elaborato.<\/p>\n","protected":false},"excerpt":{"rendered":"<p>Ai sensi della legge 4 agosto 2017, n.124 art.<\/p>\n","protected":false},"author":1,"featured_media":0,"parent":145,"menu_order":0,"comment_status":"closed","ping_status":"closed","template":"","meta":{"advgb_blocks_editor_width":"","advgb_blocks_columns_visual_guide":"","footnotes":""},"tags":[],"class_list":["post-304","page","type-page","status-publish","hentry"],"coauthors":[],"author_meta":{"author_link":"https:\/\/archiviodistatoterni.cultura.gov.it\/?author=1","display_name":"archiviodistatoterni"},"relative_dates":{"created":"Pubblicato 2 anni fa","modified":"Aggiornato 2 anni fa"},"absolute_dates":{"created":"Pubblicato il 6 Maggio 2024","modified":"Aggiornato il 31 Ottobre 2024"},"absolute_dates_time":{"created":"Pubblicato il 6 Maggio 2024 9:30","modified":"Aggiornato il 31 Ottobre 2024 10:27"},"featured_img_caption":"","featured_img":false,"series_order":"","_links":{"self":[{"href":"https:\/\/archiviodistatoterni.cultura.gov.it\/index.php?rest_route=\/wp\/v2\/pages\/304","targetHints":{"allow":["GET"]}}],"collection":[{"href":"https:\/\/archiviodistatoterni.cultura.gov.it\/index.php?rest_route=\/wp\/v2\/pages"}],"about":[{"href":"https:\/\/archiviodistatoterni.cultura.gov.it\/index.php?rest_route=\/wp\/v2\/types\/page"}],"author":[{"embeddable":true,"href":"https:\/\/archiviodistatoterni.cultura.gov.it\/index.php?rest_route=\/wp\/v2\/users\/1"}],"replies":[{"embeddable":true,"href":"https:\/\/archiviodistatoterni.cultura.gov.it\/index.php?rest_route=%2Fwp%2Fv2%2Fcomments&post=304"}],"version-history":[{"count":8,"href":"https:\/\/archiviodistatoterni.cultura.gov.it\/index.php?rest_route=\/wp\/v2\/pages\/304\/revisions"}],"predecessor-version":[{"id":606,"href":"https:\/\/archiviodistatoterni.cultura.gov.it\/index.php?rest_route=\/wp\/v2\/pages\/304\/revisions\/606"}],"up":[{"embeddable":true,"href":"https:\/\/archiviodistatoterni.cultura.gov.it\/index.php?rest_route=\/wp\/v2\/pages\/145"}],"wp:attachment":[{"href":"https:\/\/archiviodistatoterni.cultura.gov.it\/index.php?rest_route=%2Fwp%2Fv2%2Fmedia&parent=304"}],"wp:term":[{"taxonomy":"post_tag","embeddable":true,"href":"https:\/\/archiviodistatoterni.cultura.gov.it\/index.php?rest_route=%2Fwp%2Fv2%2Ftags&post=304"}],"curies":[{"name":"wp","href":"https:\/\/api.w.org\/{rel}","templated":true}]}}