{"id":948,"date":"2024-12-24T12:24:06","date_gmt":"2024-12-24T11:24:06","guid":{"rendered":"https:\/\/archiviodistatoterni.cultura.gov.it\/?page_id=948"},"modified":"2024-12-24T12:24:06","modified_gmt":"2024-12-24T11:24:06","slug":"sias-sistema-informativo-degli-archivi-di-stato-sezione-di-orvieto","status":"publish","type":"page","link":"https:\/\/archiviodistatoterni.cultura.gov.it\/?page_id=948","title":{"rendered":"SIAS &#8211; Sistema Informativo degli Archivi di Stato &#8211; Sezione di Orvieto"},"content":{"rendered":"<p>Il SIAS della Sezione di Archivio di Stato di Orvieto d\u00e0 accesso alle descrizioni dei complessi archivistici che costituiscono il patrimonio documentario conservato dall\u2019Istituto nonch\u00e9 alle informazioni relative al contesto storico in cui la documentazione \u00e8 stata prodotta, conservata e utilizzata.<\/p>\n<p>Esso \u00e8 parte integrante del SIAS, Sistema Informativo degli Archivi di Stato, sviluppato dalla\u00a0<a title=\"Questo link si aprir\u00e0 in una nuova finestra\" href=\"http:\/\/www.archivi.beniculturali.it\/\" target=\"_blank\" rel=\"noopener\">Direzione Generale Archivi<\/a>\u00a0e dall\u2019<a title=\"Questo link si aprir\u00e0 in una nuova finestra\" href=\"http:\/\/www.icar.beniculturali.it\/\" target=\"_blank\" rel=\"noopener\">Istituto Centrale per gli Archivi<\/a>\u00a0nel quale \u00e8 descritto il patrimonio archivistico pubblico e privato conservato negli Archivi di Stato italiani.<\/p>\n<p>L&#8217;architettura del sistema prevede la descrizione separata, ma correlata, degli istituti di conservazione, dei complessi archivistici, dei loro soggetti produttori e di altre entit\u00e0 appartenenti ai contesti storici in cui questi ultimi hanno operato (contesti storico-istituzionali, profili istituzionali ed ambiti territoriali). Le descrizioni dei complessi archivistici (complesso di fondo, fondo, serie, sottoserie) sono corredate da schede relative alla bibliografia, alle fonti, a tipologie documentarie, nonch\u00e9 agli strumenti di ricerca (inventari, guide, elenchi, ecc.), che danno diretto accesso a quelli pubblicati online, quando esistenti.<\/p>\n<p>Nel 2016 sono state importate nella presente versione del SIAS le descrizioni che erano nella precedente e che erano state compilate fino a quella data. Esse sono state opportunamente riviste, aggiornate ed ampliate con i dati desunti dagli strumenti di ricerca esistenti, dalla bibliografia specifica, dall&#8217;archivio dell&#8217;Archivio di Stato, nonch\u00e9 dalla documentazione stessa.<\/p>\n<p>Via via che questa attivit\u00e0 viene completata le descrizioni sono messe a disposizione del pubblico.<\/p>\n<p>Il materiale documentario conservato nella Sezione di Archivio di Stato di Orvieto \u00e8 di grande pregio. Il nucleo pi\u00f9 rilevante \u00e8 costituito dall\u2019archivio storico comunale di Orvieto, non solo per la sua antichit\u00e0 &#8211; il ricco Diplomatico inizia dal 1088 &#8211; ma soprattutto per la completezza e continuit\u00e0 di molte delle serie documentarie che lo compongono.<\/p>\n<p>Altro fondo importante \u00e8 l\u2019Archivio notarile mandamentale di Orvieto, che copre un arco cronologico di sette secoli, dal 1296 al 1892. Tra i fondi statali, l\u2019archivio del Tribunale \u00e8, per consistenza, uno dei principali. Merita di essere segnalato, inoltre, l\u2019archivio del Regio ispettorato onorario ai monumenti e scavi di Orvieto perch\u00e9 costituisce un\u2019importate testimonianza dell\u2019attivit\u00e0 svolta da questo ufficio per la conservazione dei monumenti.<\/p>\n<p>Notevole fonte di studio \u00e8 costituita dai Libri parrocchiali, confluiti nell\u2019archivio comunale a seguito del decreto del 31 ottobre 1860 di Gioacchino Napoleone Pepoli, Regio Commissario generale straordinario per le provincie dell&#8217;Umbria, che dispose la requisizione di questa documentazione, conservata nelle parrocchie, per istituire lo stato civile; essi costituiscono una \u201crarit\u00e0\u201d, comune ai municipi dell\u2019Umbria postunitaria, che non ha riscontro in altre realt\u00e0 italiane.<\/p>\n<p>Rappresentano una parte rilevante del patrimonio archivistico della Sezione gli archivi del musicista Luigi Mancinelli, dell\u2019architetto e archeologo Adolfo Cozza, dello studioso Pericle Perali; dello storico e archivista Luigi Fumi, del politico e ministro Filippo Antonio Gualterio, del giornalista sportivo, scrittore e poeta Gaio Fratini, di Corrado Paloni, capo d\u2019opera della Fabbrica del duomo di Orvieto, mosaicista e pittore. Si segnala, infine, il fondo dell\u2019Accademia femminile nazionale di educazione fisica di Orvieto, donato da Elisa Lombardi che ne fu direttrice dal 1937 al 1943.<\/p>\n<p>&nbsp;<\/p>\n<p><a href=\"https:\/\/sias-archivi.cultura.gov.it\/cgi-bin\/pagina.pl?RicProgetto=as-terni-orvieto\">Consulta il SIAS della Sezione di Orvieto.<\/a><\/p>\n","protected":false},"excerpt":{"rendered":"<p>Il SIAS della Sezione di Archivio di Stato di Orvieto d\u00e0 accesso alle descrizioni dei complessi archivistici che costituiscono il patrimonio documentario conservato dall\u2019Istituto nonch\u00e9 alle informazioni relative al contesto storico in cui la documentazione \u00e8 stata prodotta, conservata e utilizzata.<\/p>\n","protected":false},"author":1,"featured_media":0,"parent":149,"menu_order":5,"comment_status":"closed","ping_status":"closed","template":"","meta":{"advgb_blocks_editor_width":"","advgb_blocks_columns_visual_guide":"","footnotes":""},"tags":[],"class_list":["post-948","page","type-page","status-publish","hentry"],"coauthors":[],"author_meta":{"author_link":"https:\/\/archiviodistatoterni.cultura.gov.it\/?author=1","display_name":"archiviodistatoterni"},"relative_dates":{"created":"Pubblicato 1 anno fa","modified":"Aggiornato 1 anno fa"},"absolute_dates":{"created":"Pubblicato il 24 Dicembre 2024","modified":"Aggiornato il 24 Dicembre 2024"},"absolute_dates_time":{"created":"Pubblicato il 24 Dicembre 2024 12:24","modified":"Aggiornato il 24 Dicembre 2024 12:24"},"featured_img_caption":"","featured_img":false,"series_order":"","_links":{"self":[{"href":"https:\/\/archiviodistatoterni.cultura.gov.it\/index.php?rest_route=\/wp\/v2\/pages\/948","targetHints":{"allow":["GET"]}}],"collection":[{"href":"https:\/\/archiviodistatoterni.cultura.gov.it\/index.php?rest_route=\/wp\/v2\/pages"}],"about":[{"href":"https:\/\/archiviodistatoterni.cultura.gov.it\/index.php?rest_route=\/wp\/v2\/types\/page"}],"author":[{"embeddable":true,"href":"https:\/\/archiviodistatoterni.cultura.gov.it\/index.php?rest_route=\/wp\/v2\/users\/1"}],"replies":[{"embeddable":true,"href":"https:\/\/archiviodistatoterni.cultura.gov.it\/index.php?rest_route=%2Fwp%2Fv2%2Fcomments&post=948"}],"version-history":[{"count":1,"href":"https:\/\/archiviodistatoterni.cultura.gov.it\/index.php?rest_route=\/wp\/v2\/pages\/948\/revisions"}],"predecessor-version":[{"id":949,"href":"https:\/\/archiviodistatoterni.cultura.gov.it\/index.php?rest_route=\/wp\/v2\/pages\/948\/revisions\/949"}],"up":[{"embeddable":true,"href":"https:\/\/archiviodistatoterni.cultura.gov.it\/index.php?rest_route=\/wp\/v2\/pages\/149"}],"wp:attachment":[{"href":"https:\/\/archiviodistatoterni.cultura.gov.it\/index.php?rest_route=%2Fwp%2Fv2%2Fmedia&parent=948"}],"wp:term":[{"taxonomy":"post_tag","embeddable":true,"href":"https:\/\/archiviodistatoterni.cultura.gov.it\/index.php?rest_route=%2Fwp%2Fv2%2Ftags&post=948"}],"curies":[{"name":"wp","href":"https:\/\/api.w.org\/{rel}","templated":true}]}}